{"id":699,"date":"2022-04-29T11:14:05","date_gmt":"2022-04-29T09:14:05","guid":{"rendered":"https:\/\/crudelis.fr\/site\/chroniques\/?page_id=699"},"modified":"2023-08-06T15:17:37","modified_gmt":"2023-08-06T13:17:37","slug":"la-peninsule-du-tethyr","status":"publish","type":"page","link":"https:\/\/crudelis.fr\/site\/chroniques\/","title":{"rendered":"La p\u00e9ninsule du T\u00e9thyr"},"content":{"rendered":"\r\n<figure class=\"wp-block-image size-large\"><a href=\"https:\/\/crudelis.fr\/site\/chroniques\/wp-content\/uploads\/sites\/4\/2022\/05\/Peninsule-du-Tethyr.jpg\" target=\"_blank\" rel=\"noopener\"><img loading=\"lazy\" decoding=\"async\" width=\"1024\" height=\"853\" src=\"http:\/\/crudelis.fr\/site\/chroniques\/wp-content\/uploads\/sites\/4\/2022\/05\/Peninsule-du-Tethyr-1024x853.jpg\" alt=\"\" class=\"wp-image-1082\" srcset=\"https:\/\/crudelis.fr\/site\/chroniques\/wp-content\/uploads\/sites\/4\/2022\/05\/Peninsule-du-Tethyr-1024x853.jpg 1024w, https:\/\/crudelis.fr\/site\/chroniques\/wp-content\/uploads\/sites\/4\/2022\/05\/Peninsule-du-Tethyr-300x250.jpg 300w, https:\/\/crudelis.fr\/site\/chroniques\/wp-content\/uploads\/sites\/4\/2022\/05\/Peninsule-du-Tethyr-768x640.jpg 768w, https:\/\/crudelis.fr\/site\/chroniques\/wp-content\/uploads\/sites\/4\/2022\/05\/Peninsule-du-Tethyr-1536x1280.jpg 1536w, https:\/\/crudelis.fr\/site\/chroniques\/wp-content\/uploads\/sites\/4\/2022\/05\/Peninsule-du-Tethyr-2048x1707.jpg 2048w\" sizes=\"auto, (max-width: 1024px) 100vw, 1024px\" \/><\/a><\/figure>\r\n\r\n\r\n\r\n<div style=\"height:30px\" aria-hidden=\"true\" class=\"wp-block-spacer\"><\/div>\r\n\r\n\r\n\r\n<p>La p\u00e9ninsule du T\u00e9thyr est une r\u00e9gion isol\u00e9e sur la c\u00f4te des \u00e9p\u00e9es, dans l'univers fantastique de Faerun, dans les Royaumes oubli\u00e9s. Situ\u00e9e entre l'Amn et le Calimshan et s'\u00e9tendant \u00e0 l'Est dans le T\u00e9thyr, la p\u00e9ninsule du T\u00e9thyr est consid\u00e9r\u00e9e comme une terre sauvage par la grande cit\u00e9 de Murann qui marque la fronti\u00e8re Est.<\/p>\r\n\r\n\r\n\r\n<p>Seule V\u00e9l\u00e8ne, la plus grande cit\u00e9 de la r\u00e9gion est indiqu\u00e9e sur les cartes de Faerun et consid\u00e9r\u00e9e comme un phare de civilisation au milieu des terres sauvages.<\/p>\r\n\r\n\r\n\r\n<p>En r\u00e9alit\u00e9, la p\u00e9ninsule du T\u00e9thyr est une r\u00e9gion anim\u00e9e et peupl\u00e9e de diverses races qui cohabitent dans une paix relative, dot\u00e9e de quelques grandes cit\u00e9s, Alvar, Gwendiamir, Drunor et Belval et de nombreuses communaut\u00e9s plus modestes.<br>Loin d'\u00eatre la terre sauvage per\u00e7u \u00e0 l'Est, la r\u00e9gion fourmille de vie, le commerce y est florissant et la politique bat son plein dans une \u00e9ternelle qu\u00eate de pouvoir et de richesse.<\/p>\r\n\r\n\r\n\r\n<p>Pouss\u00e9 par l'arriv\u00e9e soudaine, et inexpliqu\u00e9e, de la L\u00e9gion astrale dans la r\u00e9gion, les grandes cit\u00e9s se sont r\u00e9unies pour former l'Alliance Drak\u00e9enne, une force arm\u00e9e mutualis\u00e9e pr\u00eate \u00e0 d\u00e9fendre la r\u00e9gion contre les attaques des forces d\u00e9moniaques de la L\u00e9gion astrale.<br>Ceux-ci occupent d\u00e9j\u00e0 le Nord de la r\u00e9gion, de Erokarok \u00e0 Oragros et n'ont de cesse de pousser au Sud vers Alvar.<\/p>\r\n\r\n\r\n\r\n<p>Tandis que la guerre fait rage, l'Ordre du Pavois sacr\u00e9 et les Preux serviteurs se mobilisent pour se battre aux c\u00f4t\u00e9s de l'Alliance Drak\u00e9enne et d\u00e9fendre les populations meurtries.<\/p>\r\n\r\n\r\n\r\n<p>Pendant ce temps, la Piraterie de la lame enflamm\u00e9e profite du chaos pour intensifier ses raids dans la Mer des \u00c9p\u00e9es alors que la Confr\u00e9rie des Klephtes \u00e9tant son influence au Sud de la r\u00e9gion et tente de pervertir les gouvernements pour obtenir d'avantage de pouvoir.<\/p>\r\n\r\n\r\n\r\n<p>Constamment bouscul\u00e9e par les guerres, les conflits locaux et les qu\u00eates de pouvoir, la p\u00e9ninsule du T\u00e9thyr est une terre d'aventures sans limite qui ne laisse aucun r\u00e9pit aux aventuriers en qu\u00eates de richesse et de gloire qui se sont succ\u00e9d\u00e9 dans cet univers de campagne ouvert et persistant depuis 2004.<\/p>\r\n\r\n\r\n\r\n<p><a href=\"https:\/\/crudelis.fr\/site\/chroniques\/2022\/chronologie-recente-de-la-peninsule-du-tethyr\/\" data-type=\"URL\" data-id=\"https:\/\/crudelis.fr\/site\/chroniques\/2022\/chronologie-recente-de-la-peninsule-du-tethyr\/\">Chronologie r\u00e9cente de la p\u00e9ninsule du T\u00e9thyr<\/a><\/p>\r\n\r\n\r\n\r\n<h2 class=\"wp-block-heading\">Les grandes cit\u00e9s<\/h2>\r\n\r\n\r\n\r\n<ul class=\"wp-block-list\">\r\n<li><a href=\"https:\/\/crudelis.fr\/site\/chroniques\/la-peninsule-du-tethyr\/alvar\/\">Alvar<\/a><\/li>\r\n\r\n\r\n\r\n<li><a href=\"https:\/\/crudelis.fr\/site\/chroniques\/gwendiamir\/\">Gwendiamir<\/a><\/li>\r\n\r\n\r\n\r\n<li><a href=\"https:\/\/crudelis.fr\/site\/chroniques\/drunor\/\">Drunor<\/a><\/li>\r\n\r\n\r\n\r\n<li><a href=\"https:\/\/crudelis.fr\/site\/chroniques\/velene\/\">V\u00e9l\u00e8ne<\/a><\/li>\r\n\r\n\r\n\r\n<li><a href=\"https:\/\/crudelis.fr\/site\/chroniques\/peredinis\/\">P\u00e9r\u00e9dinis<\/a><\/li>\r\n\r\n\r\n\r\n<li><a href=\"https:\/\/crudelis.fr\/site\/chroniques\/belval\/\" data-type=\"URL\" data-id=\"https:\/\/crudelis.fr\/site\/chroniques\/belval\/\">Belval<\/a><\/li>\r\n\r\n\r\n\r\n<li><a href=\"https:\/\/crudelis.fr\/site\/chroniques\/murann\/\">Murann<\/a><\/li>\r\n<\/ul>\r\n\r\n\r\n\r\n<h2 class=\"wp-block-heading\">Les villes et villages<\/h2>\r\n\r\n\r\n\r\n<ul class=\"wp-block-list\">\r\n<li><a href=\"https:\/\/crudelis.fr\/site\/chroniques\/la-peninsule-du-tethyr\/garvel\/\">Garvel<\/a><\/li>\r\n\r\n\r\n\r\n<li><a href=\"https:\/\/crudelis.fr\/site\/chroniques\/la-peninsule-du-tethyr\/anddor\/\">Anddor<\/a><\/li>\r\n\r\n\r\n\r\n<li><a href=\"https:\/\/crudelis.fr\/site\/chroniques\/la-peninsule-du-tethyr\/aglaran\/\">Aglaran<\/a><\/li>\r\n\r\n\r\n\r\n<li><a href=\"https:\/\/crudelis.fr\/site\/chroniques\/harhus\/\">Harhus<\/a><\/li>\r\n\r\n\r\n\r\n<li><a href=\"https:\/\/crudelis.fr\/site\/chroniques\/la-peninsule-du-tethyr\/dursor\/\">Dursor<\/a><\/li>\r\n\r\n\r\n\r\n<li><a href=\"https:\/\/crudelis.fr\/site\/chroniques\/orval\/\">Orval<\/a><\/li>\r\n\r\n\r\n\r\n<li><a href=\"https:\/\/crudelis.fr\/site\/chroniques\/noratniel\/\">Noratniel<\/a><\/li>\r\n\r\n\r\n\r\n<li><a href=\"https:\/\/crudelis.fr\/site\/chroniques\/maddir\/\">Maddir<\/a><\/li>\r\n\r\n\r\n\r\n<li><a href=\"https:\/\/crudelis.fr\/site\/chroniques\/erogar\/\">Erogar<\/a><\/li>\r\n\r\n\r\n\r\n<li><a href=\"https:\/\/crudelis.fr\/site\/chroniques\/selemor\/\">Selemor<\/a><\/li>\r\n\r\n\r\n\r\n<li><a href=\"https:\/\/crudelis.fr\/site\/chroniques\/frakgrin\/\">Frakgrin<\/a><\/li>\r\n\r\n\r\n\r\n<li><a href=\"https:\/\/crudelis.fr\/site\/chroniques\/gormor\/\">Gormor<\/a><\/li>\r\n\r\n\r\n\r\n<li><a href=\"https:\/\/crudelis.fr\/site\/chroniques\/erokarok\/\">Erokarok<\/a><\/li>\r\n\r\n\r\n\r\n<li><a href=\"https:\/\/crudelis.fr\/site\/chroniques\/hafinnil\/\">Hafinnil<\/a><\/li>\r\n\r\n\r\n\r\n<li><a href=\"https:\/\/crudelis.fr\/site\/chroniques\/echus\/\">Echus<\/a><\/li>\r\n\r\n\r\n\r\n<li><a href=\"https:\/\/crudelis.fr\/site\/chroniques\/clamadinis\/\">Clamadinis<\/a><\/li>\r\n\r\n\r\n\r\n<li><a href=\"https:\/\/crudelis.fr\/site\/chroniques\/escaret\/\">Escaret<\/a><\/li>\r\n\r\n\r\n\r\n<li><a href=\"https:\/\/crudelis.fr\/site\/chroniques\/corlintas\/\">Corlintas<\/a><\/li>\r\n\r\n\r\n\r\n<li><a href=\"https:\/\/crudelis.fr\/site\/chroniques\/kiliedda\/\">Kiliedda<\/a><\/li>\r\n\r\n\r\n\r\n<li><a href=\"https:\/\/crudelis.fr\/site\/chroniques\/neromagus\/\">Neromagus<\/a><\/li>\r\n\r\n\r\n\r\n<li><a href=\"https:\/\/crudelis.fr\/site\/chroniques\/ferred\/\">Ferred<\/a><\/li>\r\n\r\n\r\n\r\n<li><a href=\"https:\/\/crudelis.fr\/site\/chroniques\/valanas\/\">Valanas<\/a><\/li>\r\n\r\n\r\n\r\n<li><a href=\"https:\/\/crudelis.fr\/site\/chroniques\/clamagus\/\">Clamagus<\/a><\/li>\r\n\r\n\r\n\r\n<li><a href=\"https:\/\/crudelis.fr\/site\/chroniques\/griarfu\/\">Griarfu<\/a><\/li>\r\n\r\n\r\n\r\n<li><a href=\"https:\/\/crudelis.fr\/site\/chroniques\/ruaranil\/\">Ruaranil<\/a><\/li>\r\n\r\n\r\n\r\n<li><a href=\"https:\/\/crudelis.fr\/site\/chroniques\/tanoril\/\">Tanoril<\/a><\/li>\r\n\r\n\r\n\r\n<li><a href=\"https:\/\/crudelis.fr\/site\/chroniques\/velsor\/\">Velsor<\/a><\/li>\r\n\r\n\r\n\r\n<li><a href=\"https:\/\/crudelis.fr\/site\/chroniques\/oragros\/\">Oragros<\/a><\/li>\r\n\r\n\r\n\r\n<li><a href=\"https:\/\/crudelis.fr\/site\/chroniques\/la-peninsule-du-tethyr\/linrairion\/\">Linrairion<\/a><\/li>\r\n\r\n\r\n\r\n<li><a href=\"https:\/\/crudelis.fr\/site\/chroniques\/sarhus\/\">Sarhus<\/a><\/li>\r\n\r\n\r\n\r\n<li><a href=\"https:\/\/crudelis.fr\/site\/chroniques\/torgrin\/\">Torgrin<\/a><\/li>\r\n<\/ul>\r\n\r\n\r\n\r\n<h2 class=\"wp-block-heading\">Les grandes factions<\/h2>\r\n\r\n\r\n\r\n<ul class=\"wp-block-list\">\r\n<li><a href=\"https:\/\/crudelis.fr\/site\/chroniques\/la-peninsule-du-tethyr\/la-legion-astrale\/\" data-type=\"page\" data-id=\"1383\">La L\u00e9gion astrale<\/a><\/li>\r\n\r\n\r\n\r\n<li><a href=\"https:\/\/crudelis.fr\/site\/chroniques\/la-peninsule-du-tethyr\/lalliance-drakeenne\/\" data-type=\"page\" data-id=\"1387\">L'alliance Drak\u00e9enne<\/a><\/li>\r\n\r\n\r\n\r\n<li><a href=\"https:\/\/crudelis.fr\/site\/chroniques\/la-peninsule-du-tethyr\/lordre-du-pavois-sacre\/\" data-type=\"page\" data-id=\"1392\">L'ordre du Pavois sacr\u00e9<\/a><\/li>\r\n\r\n\r\n\r\n<li><a href=\"https:\/\/crudelis.fr\/site\/chroniques\/les-preux-serviteurs\/\" data-type=\"page\" data-id=\"1395\">Les preux serviteurs<\/a><\/li>\r\n\r\n\r\n\r\n<li><a href=\"https:\/\/crudelis.fr\/site\/chroniques\/la-peninsule-du-tethyr\/la-confrerie-des-klephtes\/\" data-type=\"page\" data-id=\"1398\">La Confr\u00e9rie des Klephtes<\/a><\/li>\r\n\r\n\r\n\r\n<li>Les mercenaires d'adamantium<\/li>\r\n\r\n\r\n\r\n<li>La Piraterie de la lame enflamm\u00e9e<\/li>\r\n\r\n\r\n\r\n<li>Les corsaires du Calim<\/li>\r\n\r\n\r\n\r\n<li>Les diplomates de la nuit<\/li>\r\n\r\n\r\n\r\n<li>Les Limiers du T\u00e9thyr<\/li>\r\n\r\n\r\n\r\n<li><a href=\"https:\/\/crudelis.fr\/site\/chroniques\/la-peninsule-du-tethyr\/les-enfants-de-waukyne\/\" data-type=\"page\" data-id=\"1348\">Les Enfants de Waukyne<\/a><\/li>\r\n\r\n\r\n\r\n<li>Le culte de Talona<\/li>\r\n\r\n\r\n\r\n<li>Le culte de Vabamon, le r\u00e9v\u00e9lateur, dieu de la sanglante v\u00e9rit\u00e9<\/li>\r\n\r\n\r\n\r\n<li><a href=\"https:\/\/crudelis.fr\/site\/chroniques\/la-peninsule-du-tethyr\/les-lames-de-lombre\/\" data-type=\"page\" data-id=\"1403\">Les Lames de l'ombre<\/a><\/li>\r\n\r\n\r\n\r\n<li><a href=\"https:\/\/crudelis.fr\/site\/chroniques\/la-peninsule-du-tethyr\/les-comptoirs-des-fils-du-vent\/\" data-type=\"URL\" data-id=\"https:\/\/crudelis.fr\/site\/chroniques\/la-peninsule-du-tethyr\/les-comptoirs-des-fils-du-vent\/\">Les comptoirs des Fils du vent<\/a><\/li>\r\n<\/ul>\r\n\r\n\r\n\r\n<h2 class=\"wp-block-heading\">## Informations diverses<\/h2>\r\n\r\n\r\n<a href=\"https:\/\/crudelis.fr\/site\/chroniques\/2023\/la-justice-dans-la-peninsule-du-tethyr\/\" data-type=\"URL\" data-id=\"https:\/\/crudelis.fr\/site\/chroniques\/2023\/la-justice-dans-la-peninsule-du-tethyr\/\">La justice dans la p\u00e9ninsule du T\u00e9thyr<\/a>","protected":false},"excerpt":{"rendered":"<p>La p\u00e9ninsule du T\u00e9thyr est une r\u00e9gion isol\u00e9e sur la c\u00f4te des \u00e9p\u00e9es, dans l'univers fantastique de Faerun, dans les Royaumes oubli\u00e9s. Situ\u00e9e entre l'Amn et le Calimshan et s'\u00e9tendant \u00e0 l'Est dans le T\u00e9thyr, la p\u00e9ninsule du T\u00e9thyr est consid\u00e9r\u00e9e comme une terre sauvage par la grande cit\u00e9 de Murann qui marque la fronti\u00e8re [&hellip;]<\/p>\n","protected":false},"author":1,"featured_media":0,"parent":0,"menu_order":0,"comment_status":"closed","ping_status":"closed","template":"","meta":{"footnotes":"","_links_to":"","_links_to_target":""},"class_list":["post-699","page","type-page","status-publish","hentry"],"_links":{"self":[{"href":"https:\/\/crudelis.fr\/site\/chroniques\/wp-json\/wp\/v2\/pages\/699","targetHints":{"allow":["GET"]}}],"collection":[{"href":"https:\/\/crudelis.fr\/site\/chroniques\/wp-json\/wp\/v2\/pages"}],"about":[{"href":"https:\/\/crudelis.fr\/site\/chroniques\/wp-json\/wp\/v2\/types\/page"}],"author":[{"embeddable":true,"href":"https:\/\/crudelis.fr\/site\/chroniques\/wp-json\/wp\/v2\/users\/1"}],"replies":[{"embeddable":true,"href":"https:\/\/crudelis.fr\/site\/chroniques\/wp-json\/wp\/v2\/comments?post=699"}],"version-history":[{"count":31,"href":"https:\/\/crudelis.fr\/site\/chroniques\/wp-json\/wp\/v2\/pages\/699\/revisions"}],"predecessor-version":[{"id":1407,"href":"https:\/\/crudelis.fr\/site\/chroniques\/wp-json\/wp\/v2\/pages\/699\/revisions\/1407"}],"wp:attachment":[{"href":"https:\/\/crudelis.fr\/site\/chroniques\/wp-json\/wp\/v2\/media?parent=699"}],"curies":[{"name":"wp","href":"https:\/\/api.w.org\/{rel}","templated":true}]}}