{"id":582,"date":"2020-10-26T16:50:53","date_gmt":"2020-10-26T16:50:53","guid":{"rendered":"https:\/\/covid1984.nohost.me\/?page_id=6"},"modified":"2022-09-01T11:03:11","modified_gmt":"2022-09-01T11:03:11","slug":"about","status":"publish","type":"page","link":"https:\/\/crudelis.fr\/site\/covid1984\/about\/","title":{"rendered":"A propos"},"content":{"rendered":"\n<p>Ainsi que le sous-titre de ce blog l'exprime, je n'ai pas la volont\u00e9 de convaincre qui que ce soit, cela impliquerait que je d\u00e9tienne une v\u00e9rit\u00e9.<br>Je souhaite simplement que ce blog permette \u00e0 tout un chacun de remettre en question les informations dont il dispose, d'exacerber son esprit critique et d'alimenter un d\u00e9bat n\u00e9cessaire sur notre temps et l'avenir que nous voulons lui donner.<\/p>\n\n\n\n<p>Ce blog ayant pour seule destination un acc\u00e8s libre \u00e0 l'information, il ne rapporte aucun b\u00e9n\u00e9fice autre que la satisfaction d'informer. Il ne comporte donc aucune publicit\u00e9, cookie ou traqueur d'aucune sorte.<\/p>\n\n\n\n<p>Parce que la libre information est sans doute notre meilleure arme, n'h\u00e9sitez pas \u00e0 <strong>partager le plus largement possible<\/strong>. L'assujettissement ne na\u00eet que de l'ignorance.<\/p>\n\n\n\n<hr class=\"wp-block-separator has-css-opacity is-style-dots\"\/>\n\n\n\n<p>Qui suis-je ?<br>Je ne suis qu'un parmi les presque 70 millions de fran\u00e7ais, un parmi les citoyens inquiets de l'avenir de leur pays, de l'avenir de leur d\u00e9mocratie.<br>Je ne suis autre qu'un humble quidam amassant des fragments de connaissances pour les mettre \u00e0 disposition de tous.<\/p>\n","protected":false},"excerpt":{"rendered":"<p>Ainsi que le sous-titre de ce blog l'exprime, je n'ai pas la volont\u00e9 de convaincre qui que ce soit, cela impliquerait que je d\u00e9tienne une v\u00e9rit\u00e9.Je souhaite simplement que ce blog permette \u00e0 tout un chacun de remettre en question les informations dont il dispose, d'exacerber son esprit critique et d'alimenter un d\u00e9bat n\u00e9cessaire sur notre temps et l'avenir que nous voulons lui donner. Ce blog ayant pour seule destination un acc\u00e8s libre \u00e0 l'information, il ne rapporte aucun b\u00e9n\u00e9fice autre que la satisfaction d'informer. Il ne comporte donc aucune publicit\u00e9, cookie ou traqueur d'aucune sorte. Parce que la libre information est sans doute notre meilleure arme, n'h\u00e9sitez pas \u00e0 partager le plus largement possible. L'assujettissement ne na\u00eet que de&#46;&#46;&#46;<\/p>\n","protected":false},"author":2,"featured_media":0,"parent":0,"menu_order":0,"comment_status":"closed","ping_status":"closed","template":"","meta":{"footnotes":""},"class_list":["post-582","page","type-page","status-publish","hentry"],"_links":{"self":[{"href":"https:\/\/crudelis.fr\/site\/covid1984\/wp-json\/wp\/v2\/pages\/582","targetHints":{"allow":["GET"]}}],"collection":[{"href":"https:\/\/crudelis.fr\/site\/covid1984\/wp-json\/wp\/v2\/pages"}],"about":[{"href":"https:\/\/crudelis.fr\/site\/covid1984\/wp-json\/wp\/v2\/types\/page"}],"author":[{"embeddable":true,"href":"https:\/\/crudelis.fr\/site\/covid1984\/wp-json\/wp\/v2\/users\/2"}],"replies":[{"embeddable":true,"href":"https:\/\/crudelis.fr\/site\/covid1984\/wp-json\/wp\/v2\/comments?post=582"}],"version-history":[{"count":1,"href":"https:\/\/crudelis.fr\/site\/covid1984\/wp-json\/wp\/v2\/pages\/582\/revisions"}],"predecessor-version":[{"id":2440,"href":"https:\/\/crudelis.fr\/site\/covid1984\/wp-json\/wp\/v2\/pages\/582\/revisions\/2440"}],"wp:attachment":[{"href":"https:\/\/crudelis.fr\/site\/covid1984\/wp-json\/wp\/v2\/media?parent=582"}],"curies":[{"name":"wp","href":"https:\/\/api.w.org\/{rel}","templated":true}]}}