{"id":10,"date":"2013-09-04T09:49:27","date_gmt":"2013-09-04T09:49:27","guid":{"rendered":"http:\/\/crudelis.fr\/cv\/?page_id=2"},"modified":"2018-10-21T08:01:25","modified_gmt":"2018-10-21T06:01:25","slug":"cv_en_ligne","status":"publish","type":"page","link":"https:\/\/crudelis.fr\/site\/cv\/cv_en_ligne\/","title":{"rendered":"CV"},"content":{"rendered":"<h3>\n<div align=\"center\">\n<a href=\"https:\/\/crudelis.fr\/div\/fichiers\/cv\/cv_herve_dorian_cottin.pdf\">T\u00e9l\u00e9charger le CV en Fran\u00e7ais<\/a> \/ <a href=\"https:\/\/crudelis.fr\/div\/fichiers\/cv\/en_cv_herve_dorian_cottin.pdf\">Download this resume in English<\/a>\n<\/div>\n<\/h3>\n<div align=\"center\"><img decoding=\"async\" src=\"https:\/\/crudelis.fr\/div\/fichiers\/cv\/cv.png\" alt=\"CV\" \/><\/div>\n<h3>\n<div align=\"center\">\n<a href=\"https:\/\/crudelis.fr\/div\/fichiers\/cv\/cv_herve_dorian_cottin.pdf\">T\u00e9l\u00e9charger le CV en Fran\u00e7ais<\/a> \/ <a href=\"https:\/\/crudelis.fr\/div\/fichiers\/cv\/en_cv_herve_dorian_cottin.pdf\">Download this resume in English<\/a>\n<\/div>\n<\/h3>\n","protected":false},"excerpt":{"rendered":"<p>T\u00e9l\u00e9charger le CV en Fran\u00e7ais \/ Download this resume in English T\u00e9l\u00e9charger le CV en Fran\u00e7ais \/ Download this resume in English<\/p>\n","protected":false},"author":1,"featured_media":0,"parent":0,"menu_order":0,"comment_status":"open","ping_status":"open","template":"full-width-page.php","meta":{"footnotes":"","_links_to":"","_links_to_target":""},"class_list":["post-10","page","type-page","status-publish","hentry"],"_links":{"self":[{"href":"https:\/\/crudelis.fr\/site\/cv\/wp-json\/wp\/v2\/pages\/10","targetHints":{"allow":["GET"]}}],"collection":[{"href":"https:\/\/crudelis.fr\/site\/cv\/wp-json\/wp\/v2\/pages"}],"about":[{"href":"https:\/\/crudelis.fr\/site\/cv\/wp-json\/wp\/v2\/types\/page"}],"author":[{"embeddable":true,"href":"https:\/\/crudelis.fr\/site\/cv\/wp-json\/wp\/v2\/users\/1"}],"replies":[{"embeddable":true,"href":"https:\/\/crudelis.fr\/site\/cv\/wp-json\/wp\/v2\/comments?post=10"}],"version-history":[{"count":4,"href":"https:\/\/crudelis.fr\/site\/cv\/wp-json\/wp\/v2\/pages\/10\/revisions"}],"predecessor-version":[{"id":223,"href":"https:\/\/crudelis.fr\/site\/cv\/wp-json\/wp\/v2\/pages\/10\/revisions\/223"}],"wp:attachment":[{"href":"https:\/\/crudelis.fr\/site\/cv\/wp-json\/wp\/v2\/media?parent=10"}],"curies":[{"name":"wp","href":"https:\/\/api.w.org\/{rel}","templated":true}]}}