{"id":34,"date":"2010-12-09T18:30:47","date_gmt":"2010-12-09T17:30:47","guid":{"rendered":"http:\/\/crudelis.fr\/newdesign\/"},"modified":"2014-08-02T13:35:00","modified_gmt":"2014-08-02T11:35:00","slug":"aides-de-jeux","status":"publish","type":"page","link":"https:\/\/crudelis.fr\/site\/?page_id=34","title":{"rendered":"Aides de jeux"},"content":{"rendered":"<p>Cette section est r\u00e9serv\u00e9e aux aides de jeux pour donjons<br \/>\net dragons. Toutes ces aides de jeux sont mes propres cr\u00e9ations.<br \/>\nCertaines de ces aides de jeux sont fournies avec le programme Servus domini.<\/p>\n<!-- fragment of html for post template. This file will be deprecated... -->\r\n<!-- blog-in-blog Version: 2.0.1 -->\r\n<div class=\"post\">\r\n<!-- Post Headline -->\t\t\r\n<div class=\"post-headline\">\r\n<div style=\"float:left; margin:7px\">  <\/div>\r\n<h2>\r\n<a title=\"Permanent Link to R\u00e8gles suppl\u00e9mentaires sur les armures\" rel=\"bookmark\" href=\"https:\/\/crudelis.fr\/site\/?p=618\" id=\"618\" >R\u00e8gles suppl\u00e9mentaires sur les armures<\/a>\r\n<\/h2>\r\n<small>Maniack Crudelis : 4 June 2011 17 h 52 min :  <a href=\"https:\/\/crudelis.fr\/site\/?cat=2\" title=\"Aides de jeux\" >Aides de jeux<\/a><\/small>\r\n\r\n<\/div>\r\n<!-- Post Body Copy -->\r\n\r\n<div class=\"post-bodycopy clearfix\"><p><strong>Ajout de r\u00e8gles sur les armures afin d&#8217;amener plus de r\u00e9alisme dans le port des armures.<br \/>\nOn y trouve entre autre la fatigue li\u00e9 au port d&#8217;une armure, son usure ou encore les probl\u00e8mes d&#8217;hygi\u00e8nes qu&#8217;elles peuvent causer.<br \/>\nUn <a href=\"https:\/\/crudelis.fr\/2010\/12\/tableau-recapitulatif-des-armures\/\">tableau r\u00e9capitulatif<\/a> permet de retrouver toutes les informations pour chaque armure simplement.<\/strong><\/p>\n<p><strong><u>T\u00e9l\u00e9chargement<\/u><\/strong><br \/>\n<div class=\"dwnld-button-shortcode button-download aligncenter\">\n\t\t\t\t\t\t\t<a class=\"dowload type-archive sevenzip\" href=\"https:\/\/crudelis.fr\/div\/fichiers\/aides_de_jeux\/armures_details.7z\" >\n\t\t\t\t\t\t\t\t<span>\n\t\t\t\t\t\t\t\t\t<span class=\"download-title\">R\u00e8gles armures<\/span><br \/>\n\t\t\t\t\t\t\t\t\t<em class=\"download-description\">30,3 Ko<\/em>\n\t\t\t\t\t\t\t\t<\/span>\n\t\t\t\t\t\t\t<\/a>\n\t\t\t\t\t\t<\/div><\/p>\n<\/div>\r\n<div class=\"post-comments\"><a href=\"https:\/\/crudelis.fr\/site\/?p=618#respond\" title=\"Respond\" >Leave a response &raquo;<\/a><\/div>\t\r\n<\/div><!-- fragment of html for post template. This file will be deprecated... -->\r\n<!-- blog-in-blog Version: 2.0.1 -->\r\n<div class=\"post\">\r\n<!-- Post Headline -->\t\t\r\n<div class=\"post-headline\">\r\n<div style=\"float:left; margin:7px\">  <\/div>\r\n<h2>\r\n<a title=\"Permanent Link to Feuilles de personnages pour familier et compagnons animaux\" rel=\"bookmark\" href=\"https:\/\/crudelis.fr\/site\/?p=195\" id=\"195\" >Feuilles de personnages pour familier et compagnons animaux<\/a>\r\n<\/h2>\r\n<small>Maniack Crudelis : 18 December 2010 12 h 24 min :  <a href=\"https:\/\/crudelis.fr\/site\/?cat=2\" title=\"Aides de jeux\" >Aides de jeux<\/a><\/small>\r\n\r\n<\/div>\r\n<!-- Post Body Copy -->\r\n\r\n<div class=\"post-bodycopy clearfix\"><p><strong>Des feuilles de personnages pr\u00e9-remplie pour les familiers commun, les compagnons animaux ainsi que les destriers de paladins.<br \/>\nServus domini cr\u00e9\u00e9 automatiquement ces feuilles de perso en fonction du niveau du ma\u00eetre.<\/strong><\/p>\n<p><strong><u>T\u00e9l\u00e9chargement<\/u><\/strong><br \/>\n<div class=\"dwnld-button-shortcode button-download aligncenter\">\n\t\t\t\t\t\t\t<a class=\"dowload type-archive sevenzip\" href=\"https:\/\/crudelis.fr\/div\/fichiers\/aides_de_jeux\/familiers_et_compagnons.7z\" >\n\t\t\t\t\t\t\t\t<span>\n\t\t\t\t\t\t\t\t\t<span class=\"download-title\">Familiers et compagnons<\/span><br \/>\n\t\t\t\t\t\t\t\t\t<em class=\"download-description\">6,3 ko<\/em>\n\t\t\t\t\t\t\t\t<\/span>\n\t\t\t\t\t\t\t<\/a>\n\t\t\t\t\t\t<\/div><\/p>\n<\/div>\r\n<div class=\"post-comments\"><a href=\"https:\/\/crudelis.fr\/site\/?p=195#respond\" title=\"Respond\" >Leave a response &raquo;<\/a><\/div>\t\r\n<\/div><!-- fragment of html for post template. This file will be deprecated... -->\r\n<!-- blog-in-blog Version: 2.0.1 -->\r\n<div class=\"post\">\r\n<!-- Post Headline -->\t\t\r\n<div class=\"post-headline\">\r\n<div style=\"float:left; margin:7px\">  <\/div>\r\n<h2>\r\n<a title=\"Permanent Link to Images des cr\u00e9atures du bestiaire\" rel=\"bookmark\" href=\"https:\/\/crudelis.fr\/site\/?p=189\" id=\"189\" >Images des cr\u00e9atures du bestiaire<\/a>\r\n<\/h2>\r\n<small>Maniack Crudelis : 18 December 2010 12 h 22 min :  <a href=\"https:\/\/crudelis.fr\/site\/?cat=2\" title=\"Aides de jeux\" >Aides de jeux<\/a><\/small>\r\n\r\n<\/div>\r\n<!-- Post Body Copy -->\r\n\r\n<div class=\"post-bodycopy clearfix\"><p><strong>Toutes les cr\u00e9atures des bestiaires 3.5 et 2e \u00e9dition en image.<br \/>\nCe qui permet notamment de donner l&#8217;image d&#8217;une cr\u00e9ature rencontr\u00e9e par les joueurs sans devoir r\u00e9v\u00e9ler le nom de la cr\u00e9ature.<\/strong><\/p>\n<p><strong><u>T\u00e9l\u00e9chargement<\/u><\/strong><br \/>\n<div class=\"dwnld-button-shortcode button-download aligncenter\">\n\t\t\t\t\t\t\t<a class=\"dowload type-archive zip\" href=\"https:\/\/crudelis.fr\/div\/fichiers\/aides_de_jeux\/images_creatures.zip\" >\n\t\t\t\t\t\t\t\t<span>\n\t\t\t\t\t\t\t\t\t<span class=\"download-title\">Images des cr\u00e9atures<\/span><br \/>\n\t\t\t\t\t\t\t\t\t<em class=\"download-description\"><\/em>\n\t\t\t\t\t\t\t\t<\/span>\n\t\t\t\t\t\t\t<\/a>\n\t\t\t\t\t\t<\/div><\/p>\n<\/div>\r\n<div class=\"post-comments\"><a href=\"https:\/\/crudelis.fr\/site\/?p=189#respond\" title=\"Respond\" >Leave a response &raquo;<\/a><\/div>\t\r\n<\/div><!-- fragment of html for post template. This file will be deprecated... -->\r\n<!-- blog-in-blog Version: 2.0.1 -->\r\n<div class=\"post\">\r\n<!-- Post Headline -->\t\t\r\n<div class=\"post-headline\">\r\n<div style=\"float:left; margin:7px\">  <\/div>\r\n<h2>\r\n<a title=\"Permanent Link to Langues anciennes\" rel=\"bookmark\" href=\"https:\/\/crudelis.fr\/site\/?p=187\" id=\"187\" >Langues anciennes<\/a>\r\n<\/h2>\r\n<small>Maniack Crudelis : 18 December 2010 12 h 14 min :  <a href=\"https:\/\/crudelis.fr\/site\/?cat=2\" title=\"Aides de jeux\" >Aides de jeux<\/a><\/small>\r\n\r\n<\/div>\r\n<!-- Post Body Copy -->\r\n\r\n<div class=\"post-bodycopy clearfix\"><p><strong>3 langues anciennes des Royaumes Oubli\u00e9s.<br \/>\nLes runes Dethek, grav\u00e9es sur la pierre par les nains.<br \/>\nLe Thorass, appel\u00e9 aussi Vieil Commun. L&#8217;ancienne langue commune des Royaumes Oubli\u00e9s.<br \/>\nEt l&#8217;Espruar, l&#8217;alphabet elfique.<br \/>\nL&#8217;archive \u00e0 t\u00e9l\u00e9charger contient les images, au format png, de chaque lettre de l&#8217;alphabet pour ses langues.<\/strong><\/p>\n<p><strong><u>T\u00e9l\u00e9chargement<\/u><\/strong><br \/>\n<div class=\"dwnld-button-shortcode button-download aligncenter\">\n\t\t\t\t\t\t\t<a class=\"dowload type-archive sevenzip\" href=\"https:\/\/crudelis.fr\/div\/fichiers\/aides_de_jeux\/langues_anciennes.7z\" >\n\t\t\t\t\t\t\t\t<span>\n\t\t\t\t\t\t\t\t\t<span class=\"download-title\">Langues anciennes<\/span><br \/>\n\t\t\t\t\t\t\t\t\t<em class=\"download-description\">65,7 ko<\/em>\n\t\t\t\t\t\t\t\t<\/span>\n\t\t\t\t\t\t\t<\/a>\n\t\t\t\t\t\t<\/div><\/p>\n<\/div>\r\n<div class=\"post-comments\"><a href=\"https:\/\/crudelis.fr\/site\/?p=187#respond\" title=\"Respond\" >Leave a response &raquo;<\/a><\/div>\t\r\n<\/div><!-- fragment of html for post template. This file will be deprecated... -->\r\n<!-- blog-in-blog Version: 2.0.1 -->\r\n<div class=\"post\">\r\n<!-- Post Headline -->\t\t\r\n<div class=\"post-headline\">\r\n<div style=\"float:left; margin:7px\">  <\/div>\r\n<h2>\r\n<a title=\"Permanent Link to R\u00e8gles rapides\" rel=\"bookmark\" href=\"https:\/\/crudelis.fr\/site\/?p=183\" id=\"183\" >R\u00e8gles rapides<\/a>\r\n<\/h2>\r\n<small>Maniack Crudelis : 18 December 2010 12 h 13 min :  <a href=\"https:\/\/crudelis.fr\/site\/?cat=2\" title=\"Aides de jeux\" >Aides de jeux<\/a><\/small>\r\n\r\n<\/div>\r\n<!-- Post Body Copy -->\r\n\r\n<div class=\"post-bodycopy clearfix\"><p><strong>Un \u00e9cran du ma\u00eetre au format tableur. Il contient de tr\u00e8s nombreuses informations sur le jeu, ce qui permet au ma\u00eetre de jeu de trouver rapidement r\u00e9ponse \u00e0 ses questions de r\u00e8gles.<\/strong><\/p>\n<p><strong><u>T\u00e9l\u00e9chargement<\/u><\/strong><br \/>\n<div class=\"dwnld-button-shortcode button-download aligncenter\">\n\t\t\t\t\t\t\t<a class=\"dowload type-archive sevenzip\" href=\"https:\/\/crudelis.fr\/div\/fichiers\/aides_de_jeux\/regles_rapides.7z\" >\n\t\t\t\t\t\t\t\t<span>\n\t\t\t\t\t\t\t\t\t<span class=\"download-title\">R\u00e8gles rapides<\/span><br \/>\n\t\t\t\t\t\t\t\t\t<em class=\"download-description\">34,4 ko<\/em>\n\t\t\t\t\t\t\t\t<\/span>\n\t\t\t\t\t\t\t<\/a>\n\t\t\t\t\t\t<\/div><\/p>\n<\/div>\r\n<div class=\"post-comments\"><a href=\"https:\/\/crudelis.fr\/site\/?p=183#respond\" title=\"Respond\" >Leave a response &raquo;<\/a><\/div>\t\r\n<\/div><!-- fragment of html for post template. This file will be deprecated... -->\r\n<!-- blog-in-blog Version: 2.0.1 -->\r\n<div class=\"post\">\r\n<!-- Post Headline -->\t\t\r\n<div class=\"post-headline\">\r\n<div style=\"float:left; margin:7px\">  <\/div>\r\n<h2>\r\n<a title=\"Permanent Link to XP groupe\" rel=\"bookmark\" href=\"https:\/\/crudelis.fr\/site\/?p=181\" id=\"181\" >XP groupe<\/a>\r\n<\/h2>\r\n<small>Maniack Crudelis : 18 December 2010 12 h 10 min :  <a href=\"https:\/\/crudelis.fr\/site\/?cat=2\" title=\"Aides de jeux\" >Aides de jeux<\/a><\/small>\r\n\r\n<\/div>\r\n<!-- Post Body Copy -->\r\n\r\n<div class=\"post-bodycopy clearfix\"><p><strong>Un tableur destin\u00e9 \u00e0 attribuer de l&#8217;exp\u00e9rience \u00e0 des groupes importants de cr\u00e9atures, comme une arm\u00e9e ou une milice.<br \/>\nLa feuille de calcul prend en charge la conversion de l&#8217;exp\u00e9rience 2e \u00e9dition vers 3e \u00e9dition<\/strong><\/p>\n<p><strong><u>T\u00e9l\u00e9chargement<\/u><\/strong><br \/>\n<div class=\"dwnld-button-shortcode button-download aligncenter\">\n\t\t\t\t\t\t\t<a class=\"dowload type-archive sevenzip\" href=\"https:\/\/crudelis.fr\/div\/fichiers\/aides_de_jeux\/xp_groupe.7z\" >\n\t\t\t\t\t\t\t\t<span>\n\t\t\t\t\t\t\t\t\t<span class=\"download-title\">XP de groupe<\/span><br \/>\n\t\t\t\t\t\t\t\t\t<em class=\"download-description\">19,8 ko<\/em>\n\t\t\t\t\t\t\t\t<\/span>\n\t\t\t\t\t\t\t<\/a>\n\t\t\t\t\t\t<\/div><\/p>\n<\/div>\r\n<div class=\"post-comments\"><a href=\"https:\/\/crudelis.fr\/site\/?p=181#respond\" title=\"Respond\" >Leave a response &raquo;<\/a><\/div>\t\r\n<\/div><!-- fragment of html for post template. This file will be deprecated... -->\r\n<!-- blog-in-blog Version: 2.0.1 -->\r\n<div class=\"post\">\r\n<!-- Post Headline -->\t\t\r\n<div class=\"post-headline\">\r\n<div style=\"float:left; margin:7px\">  <\/div>\r\n<h2>\r\n<a title=\"Permanent Link to Carte des Royaumes oubli\u00e9s (Ouest)\" rel=\"bookmark\" href=\"https:\/\/crudelis.fr\/site\/?p=179\" id=\"179\" >Carte des Royaumes oubli\u00e9s (Ouest)<\/a>\r\n<\/h2>\r\n<small>Maniack Crudelis : 18 December 2010 12 h 09 min :  <a href=\"https:\/\/crudelis.fr\/site\/?cat=2\" title=\"Aides de jeux\" >Aides de jeux<\/a><\/small>\r\n\r\n<\/div>\r\n<!-- Post Body Copy -->\r\n\r\n<div class=\"post-bodycopy clearfix\"><p><strong>La carte compl\u00e8te de la partie Ouest des Royaumes Oubli\u00e9s.<br \/>\nC&#8217;est un scan de la carte distribu\u00e9 avec les vieilles boites des Royaumes Oubli\u00e9s AD&#038;D2<\/strong><\/p>\n<p><strong><u>T\u00e9l\u00e9chargement<\/u><\/strong><br \/>\n<div class=\"dwnld-button-shortcode button-download aligncenter\">\n\t\t\t\t\t\t\t<a class=\"dowload type-archive sevenzip\" href=\"https:\/\/crudelis.fr\/div\/fichiers\/aides_de_jeux\/royaumes_oublies_ouest.7z\" >\n\t\t\t\t\t\t\t\t<span>\n\t\t\t\t\t\t\t\t\t<span class=\"download-title\">Royaumes oubli\u00e9s Ouest<\/span><br \/>\n\t\t\t\t\t\t\t\t\t<em class=\"download-description\">5,6 Mo<\/em>\n\t\t\t\t\t\t\t\t<\/span>\n\t\t\t\t\t\t\t<\/a>\n\t\t\t\t\t\t<\/div><\/p>\n<\/div>\r\n<div class=\"post-comments\"><a href=\"https:\/\/crudelis.fr\/site\/?p=179#respond\" title=\"Respond\" >Leave a response &raquo;<\/a><\/div>\t\r\n<\/div><!-- fragment of html for post template. This file will be deprecated... -->\r\n<!-- blog-in-blog Version: 2.0.1 -->\r\n<div class=\"post\">\r\n<!-- Post Headline -->\t\t\r\n<div class=\"post-headline\">\r\n<div style=\"float:left; margin:7px\">  <\/div>\r\n<h2>\r\n<a title=\"Permanent Link to Carte des Royaumes oubli\u00e9s (Est)\" rel=\"bookmark\" href=\"https:\/\/crudelis.fr\/site\/?p=176\" id=\"176\" >Carte des Royaumes oubli\u00e9s (Est)<\/a>\r\n<\/h2>\r\n<small>Maniack Crudelis : 18 December 2010 12 h 08 min :  <a href=\"https:\/\/crudelis.fr\/site\/?cat=2\" title=\"Aides de jeux\" >Aides de jeux<\/a><\/small>\r\n\r\n<\/div>\r\n<!-- Post Body Copy -->\r\n\r\n<div class=\"post-bodycopy clearfix\"><p><strong>La carte compl\u00e8te de la partie Est des Royaumes Oubli\u00e9s.<br \/>\nLa 2e partie de la carte des vieilles boites des Royaumes Oubli\u00e9s AD&#038;D2.<\/strong><\/p>\n<p><strong><u>T\u00e9l\u00e9chargement<\/u><\/strong><br \/>\n<div class=\"dwnld-button-shortcode button-download aligncenter\">\n\t\t\t\t\t\t\t<a class=\"dowload type-archive sevenzip\" href=\"https:\/\/crudelis.fr\/div\/fichiers\/aides_de_jeux\/royaumes_oublies_est.7z\" >\n\t\t\t\t\t\t\t\t<span>\n\t\t\t\t\t\t\t\t\t<span class=\"download-title\">Carte Royaumes oubli\u00e9s Est<\/span><br \/>\n\t\t\t\t\t\t\t\t\t<em class=\"download-description\">8,6 Mo<\/em>\n\t\t\t\t\t\t\t\t<\/span>\n\t\t\t\t\t\t\t<\/a>\n\t\t\t\t\t\t<\/div><\/p>\n<\/div>\r\n<div class=\"post-comments\"><a href=\"https:\/\/crudelis.fr\/site\/?p=176#respond\" title=\"Respond\" >Leave a response &raquo;<\/a><\/div>\t\r\n<\/div><!-- fragment of html for post template. This file will be deprecated... -->\r\n<!-- blog-in-blog Version: 2.0.1 -->\r\n<div class=\"post\">\r\n<!-- Post Headline -->\t\t\r\n<div class=\"post-headline\">\r\n<div style=\"float:left; margin:7px\">  <\/div>\r\n<h2>\r\n<a title=\"Permanent Link to Professions\" rel=\"bookmark\" href=\"https:\/\/crudelis.fr\/site\/?p=174\" id=\"174\" >Professions<\/a>\r\n<\/h2>\r\n<small>Maniack Crudelis : 18 December 2010 12 h 03 min :  <a href=\"https:\/\/crudelis.fr\/site\/?cat=2\" title=\"Aides de jeux\" >Aides de jeux<\/a><\/small>\r\n\r\n<\/div>\r\n<!-- Post Body Copy -->\r\n\r\n<div class=\"post-bodycopy clearfix\"><p><strong>Ce fichiers donne un ensemble de profession pour donjons et dragons. Il attribut \u00e0 chacune une raret\u00e9. Il est ainsi possible de tirer al\u00e9atoirement un certain nombre de profession, s\u00e9lectionn\u00e9es selon leur indice de raret\u00e9.<br \/>\nDe plus chaque profession dispose d&#8217;un temps de formation et d&#8217;un prix auquel les professionnels peuvent \u00eatre n\u00e9gocier \u00e0 d&#8217;autres cit\u00e9s.<br \/>\nPour certain il est not\u00e9 leur salaire mensuel ou leur cachet. De nombreuses profession apporte des unit\u00e9s de marchandises, c&#8217;est en rapport avec la gestion de cit\u00e9.<br \/>\nLe programme Servus domini exploite cette table de profession pour d\u00e9terminer et cr\u00e9er des personnages de diff\u00e9rentes professions.<\/strong><\/p>\n<p><strong><u>T\u00e9l\u00e9chargement<\/u><\/strong><br \/>\n<div class=\"dwnld-button-shortcode button-download aligncenter\">\n\t\t\t\t\t\t\t<a class=\"dowload type-archive sevenzip\" href=\"https:\/\/crudelis.fr\/div\/fichiers\/aides_de_jeux\/professions.7z\" >\n\t\t\t\t\t\t\t\t<span>\n\t\t\t\t\t\t\t\t\t<span class=\"download-title\">Professions<\/span><br \/>\n\t\t\t\t\t\t\t\t\t<em class=\"download-description\">18 Ko<\/em>\n\t\t\t\t\t\t\t\t<\/span>\n\t\t\t\t\t\t\t<\/a>\n\t\t\t\t\t\t<\/div><\/p>\n<\/div>\r\n<div class=\"post-comments\"><a href=\"https:\/\/crudelis.fr\/site\/?p=174#respond\" title=\"Respond\" >Leave a response &raquo;<\/a><\/div>\t\r\n<\/div><!-- fragment of html for post template. This file will be deprecated... -->\r\n<!-- blog-in-blog Version: 2.0.1 -->\r\n<div class=\"post\">\r\n<!-- Post Headline -->\t\t\r\n<div class=\"post-headline\">\r\n<div style=\"float:left; margin:7px\">  <\/div>\r\n<h2>\r\n<a title=\"Permanent Link to Prix des objets magiques\" rel=\"bookmark\" href=\"https:\/\/crudelis.fr\/site\/?p=171\" id=\"171\" >Prix des objets magiques<\/a>\r\n<\/h2>\r\n<small>Maniack Crudelis : 18 December 2010 12 h 02 min :  <a href=\"https:\/\/crudelis.fr\/site\/?cat=2\" title=\"Aides de jeux\" >Aides de jeux<\/a><\/small>\r\n\r\n<\/div>\r\n<!-- Post Body Copy -->\r\n\r\n<div class=\"post-bodycopy clearfix\"><p><strong>Ce documents donne la valeur marchande (achat et vente) de tous les objets magiques des guides du ma\u00eetre 3.5 et 2e \u00e9dition.<\/strong><\/p>\n<p><strong><u>T\u00e9l\u00e9chargement<\/u><\/strong><br \/>\n<div class=\"dwnld-button-shortcode button-download aligncenter\">\n\t\t\t\t\t\t\t<a class=\"dowload type-archive sevenzip\" href=\"https:\/\/crudelis.fr\/div\/fichiers\/aides_de_jeux\/prix_des_objets_magiques.7z\" >\n\t\t\t\t\t\t\t\t<span>\n\t\t\t\t\t\t\t\t\t<span class=\"download-title\">Prix objets magiques<\/span><br \/>\n\t\t\t\t\t\t\t\t\t<em class=\"download-description\">26,9 Ko<\/em>\n\t\t\t\t\t\t\t\t<\/span>\n\t\t\t\t\t\t\t<\/a>\n\t\t\t\t\t\t<\/div><\/p>\n<\/div>\r\n<div class=\"post-comments\"><a href=\"https:\/\/crudelis.fr\/site\/?p=171#respond\" title=\"Respond\" >Leave a response &raquo;<\/a><\/div>\t\r\n<\/div><div class=\"bib_page_nav\"><span class=\"bib_prev_link_inactive\">\u00ab<\/span> Page <a href=\"\/site\/index.php?rest_route=%2Fwp%2Fv2%2Fpages%2F34\" class=\"bib_page_number bib_selected\" style=\"font-weight:bold;\"\" > 1<\/a>, <a href=\"\/site\/index.php?rest_route=%2Fwp%2Fv2%2Fpages%2F34&bib_page_offset=10\" class=\"bib_page_number bib_not_selected\" style=\"color:grey;\"\" >2<\/a>, <a href=\"\/site\/index.php?rest_route=%2Fwp%2Fv2%2Fpages%2F34&bib_page_offset=20\" class=\"bib_page_number bib_not_selected\" style=\"color:grey;\"\" >3<\/a> <a class=\"bib_next_link\" href=\"\/site\/index.php?rest_route=%2Fwp%2Fv2%2Fpages%2F34&bib_page_offset=10\">\u00bb<\/a><\/div>\n","protected":false},"excerpt":{"rendered":"<p>Cette section est r\u00e9serv\u00e9e aux aides de jeux pour donjons et dragons. Toutes ces aides de jeux sont mes propres cr\u00e9ations. Certaines de ces aides de jeux sont fournies avec le programme Servus domini.<\/p>\n","protected":false},"author":1,"featured_media":0,"parent":0,"menu_order":1,"comment_status":"closed","ping_status":"closed","template":"","meta":{"footnotes":"","_links_to":"","_links_to_target":""},"class_list":["post-34","page","type-page","status-publish","hentry"],"_links":{"self":[{"href":"https:\/\/crudelis.fr\/site\/index.php?rest_route=\/wp\/v2\/pages\/34","targetHints":{"allow":["GET"]}}],"collection":[{"href":"https:\/\/crudelis.fr\/site\/index.php?rest_route=\/wp\/v2\/pages"}],"about":[{"href":"https:\/\/crudelis.fr\/site\/index.php?rest_route=\/wp\/v2\/types\/page"}],"author":[{"embeddable":true,"href":"https:\/\/crudelis.fr\/site\/index.php?rest_route=\/wp\/v2\/users\/1"}],"replies":[{"embeddable":true,"href":"https:\/\/crudelis.fr\/site\/index.php?rest_route=%2Fwp%2Fv2%2Fcomments&post=34"}],"version-history":[{"count":2,"href":"https:\/\/crudelis.fr\/site\/index.php?rest_route=\/wp\/v2\/pages\/34\/revisions"}],"predecessor-version":[{"id":828,"href":"https:\/\/crudelis.fr\/site\/index.php?rest_route=\/wp\/v2\/pages\/34\/revisions\/828"}],"wp:attachment":[{"href":"https:\/\/crudelis.fr\/site\/index.php?rest_route=%2Fwp%2Fv2%2Fmedia&parent=34"}],"curies":[{"name":"wp","href":"https:\/\/api.w.org\/{rel}","templated":true}]}}