{"id":36,"date":"2010-12-09T18:31:32","date_gmt":"2010-12-09T17:31:32","guid":{"rendered":"http:\/\/crudelis.fr\/newdesign\/"},"modified":"2014-08-02T13:35:04","modified_gmt":"2014-08-02T11:35:04","slug":"programmes-c","status":"publish","type":"page","link":"https:\/\/crudelis.fr\/site\/?page_id=36","title":{"rendered":"Programmes C"},"content":{"rendered":"<p>Cette section du site propose des programmes cod\u00e9s en langage C.<br \/>\nJe cr\u00e9e r\u00e9guli\u00e8rement des programmes, suivant les besoins du moment. Certain d'entre eux ne pr\u00e9sente gu\u00e8re d'int\u00e9r\u00eat pour les initi\u00e9s, mais tous ces programmes sont en open source. Donc chacun peux les adapter \u00e0 ses besoins.<\/p>\n<!-- fragment of html for post template. This file will be deprecated... -->\r\n<!-- blog-in-blog Version: 2.0.1 -->\r\n<div class=\"post\">\r\n<!-- Post Headline -->\t\t\r\n<div class=\"post-headline\">\r\n<div style=\"float:left; margin:7px\">  <\/div>\r\n<h2>\r\n<a title=\"Permanent Link to Ouvrir dans une autre fen\u00eatre\" rel=\"bookmark\" href=\"https:\/\/crudelis.fr\/site\/?p=267\" id=\"267\" >Ouvrir dans une autre fen\u00eatre<\/a>\r\n<\/h2>\r\n<small>Maniack Crudelis : 20 December 2010 21 h 06 min :  <a href=\"https:\/\/crudelis.fr\/site\/?cat=5\" title=\"Programmes C\" >Programmes C<\/a><\/small>\r\n\r\n<\/div>\r\n<!-- Post Body Copy -->\r\n\r\n<div class=\"post-bodycopy clearfix\"><p><strong>Cette cl\u00e9 de registre permet, \u00e0 partir de n&#8217;importe quel dossier, d&#8217;ouvrir une nouvelle instance de l&#8217;explorer et donc d&#8217;ouvrir le dossier dans une fen\u00eatre diff\u00e9rente.<\/strong><\/p>\n<p><strong><u>T\u00e9l\u00e9chargement<\/u><\/strong><br \/>\n<div class=\"dwnld-button-shortcode button-download aligncenter\">\n\t\t\t\t\t\t\t<a class=\"dowload type-archive sevenzip\" href=\"https:\/\/crudelis.fr\/div\/fichiers\/programmes_c\/ouvrir_dans_une_autre_fenetre.7z\" >\n\t\t\t\t\t\t\t\t<span>\n\t\t\t\t\t\t\t\t\t<span class=\"download-title\">Ouvrir dans autre fen\u00eatre<\/span><br \/>\n\t\t\t\t\t\t\t\t\t<em class=\"download-description\">335 o<\/em>\n\t\t\t\t\t\t\t\t<\/span>\n\t\t\t\t\t\t\t<\/a>\n\t\t\t\t\t\t<\/div><\/p>\n<\/div>\r\n<div class=\"post-comments\"><a href=\"https:\/\/crudelis.fr\/site\/?p=267#respond\" title=\"Respond\" >Leave a response &raquo;<\/a><\/div>\t\r\n<\/div><!-- fragment of html for post template. This file will be deprecated... -->\r\n<!-- blog-in-blog Version: 2.0.1 -->\r\n<div class=\"post\">\r\n<!-- Post Headline -->\t\t\r\n<div class=\"post-headline\">\r\n<div style=\"float:left; margin:7px\">  <\/div>\r\n<h2>\r\n<a title=\"Permanent Link to Editer avec notepad\" rel=\"bookmark\" href=\"https:\/\/crudelis.fr\/site\/?p=265\" id=\"265\" >Editer avec notepad<\/a>\r\n<\/h2>\r\n<small>Maniack Crudelis : 20 December 2010 21 h 05 min :  <a href=\"https:\/\/crudelis.fr\/site\/?cat=5\" title=\"Programmes C\" >Programmes C<\/a><\/small>\r\n\r\n<\/div>\r\n<!-- Post Body Copy -->\r\n\r\n<div class=\"post-bodycopy clearfix\"><p><strong>Cette cl\u00e9 de registre permet d&#8217;\u00e9diter n&#8217;importe quel fichier \u00e0 l&#8217;aide de notepad, en utilisant la commande Editer avec notepad dans le menu contextuel.<\/strong><\/p>\n<p><strong><u>T\u00e9l\u00e9chargement<\/u><\/strong><br \/>\n<div class=\"dwnld-button-shortcode button-download aligncenter\">\n\t\t\t\t\t\t\t<a class=\"dowload type-archive sevenzip\" href=\"https:\/\/crudelis.fr\/div\/fichiers\/programmes_c\/editer_avec_notepad.7z\" >\n\t\t\t\t\t\t\t\t<span>\n\t\t\t\t\t\t\t\t\t<span class=\"download-title\">Editer avec notepad<\/span><br \/>\n\t\t\t\t\t\t\t\t\t<em class=\"download-description\">327 o<\/em>\n\t\t\t\t\t\t\t\t<\/span>\n\t\t\t\t\t\t\t<\/a>\n\t\t\t\t\t\t<\/div><\/p>\n<\/div>\r\n<div class=\"post-comments\"><a href=\"https:\/\/crudelis.fr\/site\/?p=265#respond\" title=\"Respond\" >Leave a response &raquo;<\/a><\/div>\t\r\n<\/div><!-- fragment of html for post template. This file will be deprecated... -->\r\n<!-- blog-in-blog Version: 2.0.1 -->\r\n<div class=\"post\">\r\n<!-- Post Headline -->\t\t\r\n<div class=\"post-headline\">\r\n<div style=\"float:left; margin:7px\">  <\/div>\r\n<h2>\r\n<a title=\"Permanent Link to Commande dos par le menu contextuel\" rel=\"bookmark\" href=\"https:\/\/crudelis.fr\/site\/?p=263\" id=\"263\" >Commande dos par le menu contextuel<\/a>\r\n<\/h2>\r\n<small>Maniack Crudelis : 20 December 2010 21 h 04 min :  <a href=\"https:\/\/crudelis.fr\/site\/?cat=5\" title=\"Programmes C\" >Programmes C<\/a><\/small>\r\n\r\n<\/div>\r\n<!-- Post Body Copy -->\r\n\r\n<div class=\"post-bodycopy clearfix\"><p><strong>Cette cl\u00e9 de registre permet de lancer une commande dos depuis n&#8217;importe quel fichier, \u00e0 partir du menu contextuel. Le r\u00e9pertoire courant du fichier est utilis\u00e9 comme chemin dans le prompt de la commande dos.<\/strong><\/p>\n<p><strong><u>T\u00e9l\u00e9chargement<\/u><\/strong><br \/>\n<div class=\"dwnld-button-shortcode button-download aligncenter\">\n\t\t\t\t\t\t\t<a class=\"dowload type-archive sevenzip\" href=\"https:\/\/crudelis.fr\/div\/fichiers\/programmes_c\/cmd_par_menu_contextuel.7z\" >\n\t\t\t\t\t\t\t\t<span>\n\t\t\t\t\t\t\t\t\t<span class=\"download-title\">cmd par menu contextuel<\/span><br \/>\n\t\t\t\t\t\t\t\t\t<em class=\"download-description\">318 o<\/em>\n\t\t\t\t\t\t\t\t<\/span>\n\t\t\t\t\t\t\t<\/a>\n\t\t\t\t\t\t<\/div><\/p>\n<\/div>\r\n<div class=\"post-comments\"><a href=\"https:\/\/crudelis.fr\/site\/?p=263#respond\" title=\"Respond\" >Leave a response &raquo;<\/a><\/div>\t\r\n<\/div><!-- fragment of html for post template. This file will be deprecated... -->\r\n<!-- blog-in-blog Version: 2.0.1 -->\r\n<div class=\"post\">\r\n<!-- Post Headline -->\t\t\r\n<div class=\"post-headline\">\r\n<div style=\"float:left; margin:7px\">  <\/div>\r\n<h2>\r\n<a title=\"Permanent Link to Conv iso utf8\" rel=\"bookmark\" href=\"https:\/\/crudelis.fr\/site\/?p=260\" id=\"260\" >Conv iso utf8<\/a>\r\n<\/h2>\r\n<small>Maniack Crudelis : 20 December 2010 21 h 01 min :  <a href=\"https:\/\/crudelis.fr\/site\/?cat=5\" title=\"Programmes C\" >Programmes C<\/a><\/small>\r\n\r\n<\/div>\r\n<!-- Post Body Copy -->\r\n\r\n<div class=\"post-bodycopy clearfix\"><p><strong>Conv iso utf8 est un utilitaire en ligne de commande permettant de changer l&#8217;encodage des fichiers entre iso8859-1 et UTF-8. La conversion s&#8217;effectue sur l&#8217;ensemble d&#8217;un dossier, et a l&#8217;avantage de ne pas r\u00e9encoder un fichier qui est l&#8217;est d\u00e9j\u00e0 (probl\u00e8me classique de iconv). Conv iso utf8 exploite file et iconv et est donc r\u00e9serv\u00e9 \u00e0 linux.<\/strong><\/p>\n<p><strong><u>T\u00e9l\u00e9chargement<\/u><\/strong><br \/>\n<div class=\"dwnld-button-shortcode button-download aligncenter\">\n\t\t\t\t\t\t\t<a class=\"dowload type-archive sevenzip\" href=\"https:\/\/crudelis.fr\/div\/fichiers\/programmes_c\/conv_iso_utf8.7z\" >\n\t\t\t\t\t\t\t\t<span>\n\t\t\t\t\t\t\t\t\t<span class=\"download-title\">Conv iso utf8<\/span><br \/>\n\t\t\t\t\t\t\t\t\t<em class=\"download-description\">23,9 ko<\/em>\n\t\t\t\t\t\t\t\t<\/span>\n\t\t\t\t\t\t\t<\/a>\n\t\t\t\t\t\t<\/div><\/p>\n<\/div>\r\n<div class=\"post-comments\"><a href=\"https:\/\/crudelis.fr\/site\/?p=260#respond\" title=\"Respond\" >Leave a response &raquo;<\/a><\/div>\t\r\n<\/div><!-- fragment of html for post template. This file will be deprecated... -->\r\n<!-- blog-in-blog Version: 2.0.1 -->\r\n<div class=\"post\">\r\n<!-- Post Headline -->\t\t\r\n<div class=\"post-headline\">\r\n<div style=\"float:left; margin:7px\">  <\/div>\r\n<h2>\r\n<a title=\"Permanent Link to Seek and found\" rel=\"bookmark\" href=\"https:\/\/crudelis.fr\/site\/?p=258\" id=\"258\" >Seek and found<\/a>\r\n<\/h2>\r\n<small>Maniack Crudelis : 20 December 2010 20 h 56 min :  <a href=\"https:\/\/crudelis.fr\/site\/?cat=5\" title=\"Programmes C\" >Programmes C<\/a><\/small>\r\n\r\n<\/div>\r\n<!-- Post Body Copy -->\r\n\r\n<div class=\"post-bodycopy clearfix\"><p><strong>Ce programme permet d&#8217;effectuer des recherches de mots ou expressions dans plusieurs fichiers et d&#8217;afficher les r\u00e9sultats en indiquant les num\u00e9ros de ligne.<\/strong><\/p>\n<p><strong><u>T\u00e9l\u00e9chargement<\/u><\/strong><br \/>\n<div class=\"dwnld-button-shortcode button-download aligncenter\">\n\t\t\t\t\t\t\t<a class=\"dowload type-archive sevenzip\" href=\"https:\/\/crudelis.fr\/div\/fichiers\/programmes_c\/seek_and_found.7z\" >\n\t\t\t\t\t\t\t\t<span>\n\t\t\t\t\t\t\t\t\t<span class=\"download-title\">Seek and found<\/span><br \/>\n\t\t\t\t\t\t\t\t\t<em class=\"download-description\">55,8 ko<\/em>\n\t\t\t\t\t\t\t\t<\/span>\n\t\t\t\t\t\t\t<\/a>\n\t\t\t\t\t\t<\/div><\/p>\n<\/div>\r\n<div class=\"post-comments\"><a href=\"https:\/\/crudelis.fr\/site\/?p=258#respond\" title=\"Respond\" >Leave a response &raquo;<\/a><\/div>\t\r\n<\/div><!-- fragment of html for post template. This file will be deprecated... -->\r\n<!-- blog-in-blog Version: 2.0.1 -->\r\n<div class=\"post\">\r\n<!-- Post Headline -->\t\t\r\n<div class=\"post-headline\">\r\n<div style=\"float:left; margin:7px\">  <\/div>\r\n<h2>\r\n<a title=\"Permanent Link to Calculatrice\" rel=\"bookmark\" href=\"https:\/\/crudelis.fr\/site\/?p=256\" id=\"256\" >Calculatrice<\/a>\r\n<\/h2>\r\n<small>Maniack Crudelis : 20 December 2010 20 h 55 min :  <a href=\"https:\/\/crudelis.fr\/site\/?cat=5\" title=\"Programmes C\" >Programmes C<\/a><\/small>\r\n\r\n<\/div>\r\n<!-- Post Body Copy -->\r\n\r\n<div class=\"post-bodycopy clearfix\"><p><strong>Cette calculatrice en dos se contente simplement de remplacer la calculatrice de windows, en apportant notamment l&#8217;avantage de garder en vue l&#8217;ensemble du calcul en cours et des pr\u00e9c\u00e9dents. La calculatrice joue aussi le r\u00f4le de<br \/>\nconvertisseur Franc Euro.<\/strong><\/p>\n<p><strong><u>T\u00e9l\u00e9chargement<\/u><\/strong><br \/>\n<div class=\"dwnld-button-shortcode button-download aligncenter\">\n\t\t\t\t\t\t\t<a class=\"dowload type-archive sevenzip\" href=\"https:\/\/crudelis.fr\/div\/fichiers\/programmes_c\/calculatrice.7z\" >\n\t\t\t\t\t\t\t\t<span>\n\t\t\t\t\t\t\t\t\t<span class=\"download-title\">Calculatrice<\/span><br \/>\n\t\t\t\t\t\t\t\t\t<em class=\"download-description\">42 ko<\/em>\n\t\t\t\t\t\t\t\t<\/span>\n\t\t\t\t\t\t\t<\/a>\n\t\t\t\t\t\t<\/div><\/p>\n<\/div>\r\n<div class=\"post-comments\"><a href=\"https:\/\/crudelis.fr\/site\/?p=256#respond\" title=\"Respond\" >Leave a response &raquo;<\/a><\/div>\t\r\n<\/div><!-- fragment of html for post template. This file will be deprecated... -->\r\n<!-- blog-in-blog Version: 2.0.1 -->\r\n<div class=\"post\">\r\n<!-- Post Headline -->\t\t\r\n<div class=\"post-headline\">\r\n<div style=\"float:left; margin:7px\">  <\/div>\r\n<h2>\r\n<a title=\"Permanent Link to Msstyle changer\" rel=\"bookmark\" href=\"https:\/\/crudelis.fr\/site\/?p=254\" id=\"254\" >Msstyle changer<\/a>\r\n<\/h2>\r\n<small>Maniack Crudelis : 20 December 2010 20 h 53 min :  <a href=\"https:\/\/crudelis.fr\/site\/?cat=5\" title=\"Programmes C\" >Programmes C<\/a><\/small>\r\n\r\n<\/div>\r\n<!-- Post Body Copy -->\r\n\r\n<div class=\"post-bodycopy clearfix\"><p><strong>Msstyle changer est un programme qui permet, \u00e0 l&#8217;instar de styleXP, de changer, \u00e0 chaque d\u00e9marrage de windows, le style de la barre de d\u00e9marrage et des fen\u00eatres.<\/strong><\/p>\n<p><strong><u>T\u00e9l\u00e9chargement<\/u><\/strong><br \/>\n<div class=\"dwnld-button-shortcode button-download aligncenter\">\n\t\t\t\t\t\t\t<a class=\"dowload type-archive sevenzip\" href=\"https:\/\/crudelis.fr\/div\/fichiers\/programmes_c\/msstyle_changer.7z\" >\n\t\t\t\t\t\t\t\t<span>\n\t\t\t\t\t\t\t\t\t<span class=\"download-title\">Msstyle changer<\/span><br \/>\n\t\t\t\t\t\t\t\t\t<em class=\"download-description\">2,4 Mo<\/em>\n\t\t\t\t\t\t\t\t<\/span>\n\t\t\t\t\t\t\t<\/a>\n\t\t\t\t\t\t<\/div><\/p>\n<\/div>\r\n<div class=\"post-comments\"><a href=\"https:\/\/crudelis.fr\/site\/?p=254#respond\" title=\"Respond\" >Leave a response &raquo;<\/a><\/div>\t\r\n<\/div><!-- fragment of html for post template. This file will be deprecated... -->\r\n<!-- blog-in-blog Version: 2.0.1 -->\r\n<div class=\"post\">\r\n<!-- Post Headline -->\t\t\r\n<div class=\"post-headline\">\r\n<div style=\"float:left; margin:7px\">  <\/div>\r\n<h2>\r\n<a title=\"Permanent Link to Fonction perso\" rel=\"bookmark\" href=\"https:\/\/crudelis.fr\/site\/?p=252\" id=\"252\" >Fonction perso<\/a>\r\n<\/h2>\r\n<small>Maniack Crudelis : 20 December 2010 20 h 47 min :  <a href=\"https:\/\/crudelis.fr\/site\/?cat=5\" title=\"Programmes C\" >Programmes C<\/a><\/small>\r\n\r\n<\/div>\r\n<!-- Post Body Copy -->\r\n\r\n<div class=\"post-bodycopy clearfix\"><p><strong>Un ensemble de headers que j&#8217;ai d\u00e9velopp\u00e9 pour mes besoins en programmation.<br \/>\nCes headers sont indispensable pour quiconque voudrais recompiler certains des programmes disponible ici.<\/strong><\/p>\n<p>n<strong><u>T\u00e9l\u00e9chargement<\/u><\/strong><br \/>\n<div class=\"dwnld-button-shortcode button-download aligncenter\">\n\t\t\t\t\t\t\t<a class=\"dowload type-archive sevenzip\" href=\"https:\/\/crudelis.fr\/div\/fichiers\/programmes_c\/fonctions_perso.7z\" >\n\t\t\t\t\t\t\t\t<span>\n\t\t\t\t\t\t\t\t\t<span class=\"download-title\">Fonctions perso<\/span><br \/>\n\t\t\t\t\t\t\t\t\t<em class=\"download-description\">50,6 ko<\/em>\n\t\t\t\t\t\t\t\t<\/span>\n\t\t\t\t\t\t\t<\/a>\n\t\t\t\t\t\t<\/div><\/p>\n<\/div>\r\n<div class=\"post-comments\"><a href=\"https:\/\/crudelis.fr\/site\/?p=252#respond\" title=\"Respond\" >Leave a response &raquo;<\/a><\/div>\t\r\n<\/div><!-- fragment of html for post template. This file will be deprecated... -->\r\n<!-- blog-in-blog Version: 2.0.1 -->\r\n<div class=\"post\">\r\n<!-- Post Headline -->\t\t\r\n<div class=\"post-headline\">\r\n<div style=\"float:left; margin:7px\">  <\/div>\r\n<h2>\r\n<a title=\"Permanent Link to Indenteur C\" rel=\"bookmark\" href=\"https:\/\/crudelis.fr\/site\/?p=249\" id=\"249\" >Indenteur C<\/a>\r\n<\/h2>\r\n<small>Maniack Crudelis : 20 December 2010 20 h 46 min :  <a href=\"https:\/\/crudelis.fr\/site\/?cat=5\" title=\"Programmes C\" >Programmes C<\/a><\/small>\r\n\r\n<\/div>\r\n<!-- Post Body Copy -->\r\n\r\n<div class=\"post-bodycopy clearfix\"><p><strong>Le programme classique des cours de C. Ce programme permet d&#8217;indenter (placer les tabulations en d\u00e9but de ligne) un fichier C en suivant les r\u00e8gles d&#8217;indentation.<\/strong><\/p>\n<p><strong><u>T\u00e9l\u00e9chargement<\/u><\/strong><br \/>\n<div class=\"dwnld-button-shortcode button-download aligncenter\">\n\t\t\t\t\t\t\t<a class=\"dowload type-archive sevenzip\" href=\"https:\/\/crudelis.fr\/div\/fichiers\/programmes_c\/indenteur_c.7z\" >\n\t\t\t\t\t\t\t\t<span>\n\t\t\t\t\t\t\t\t\t<span class=\"download-title\">Indenteur c<\/span><br \/>\n\t\t\t\t\t\t\t\t\t<em class=\"download-description\">35,8 ko<\/em>\n\t\t\t\t\t\t\t\t<\/span>\n\t\t\t\t\t\t\t<\/a>\n\t\t\t\t\t\t<\/div><\/p>\n<\/div>\r\n<div class=\"post-comments\"><a href=\"https:\/\/crudelis.fr\/site\/?p=249#respond\" title=\"Respond\" >Leave a response &raquo;<\/a><\/div>\t\r\n<\/div><!-- fragment of html for post template. This file will be deprecated... -->\r\n<!-- blog-in-blog Version: 2.0.1 -->\r\n<div class=\"post\">\r\n<!-- Post Headline -->\t\t\r\n<div class=\"post-headline\">\r\n<div style=\"float:left; margin:7px\">  <\/div>\r\n<h2>\r\n<a title=\"Permanent Link to Equation\" rel=\"bookmark\" href=\"https:\/\/crudelis.fr\/site\/?p=247\" id=\"247\" >Equation<\/a>\r\n<\/h2>\r\n<small>Maniack Crudelis : 20 December 2010 20 h 36 min :  <a href=\"https:\/\/crudelis.fr\/site\/?cat=5\" title=\"Programmes C\" >Programmes C<\/a><\/small>\r\n\r\n<\/div>\r\n<!-- Post Body Copy -->\r\n\r\n<div class=\"post-bodycopy clearfix\"><p><strong>Ce programme est un g\u00e9n\u00e9rateur d&#8217;\u00e9quation du 1er degr\u00e9. Il g\u00e9n\u00e8re un nombre donn\u00e9 d&#8217;\u00e9quation mais ne donne pas les r\u00e9sultats.<\/strong><\/p>\n<p><strong><u>T\u00e9l\u00e9chargement<\/u><\/strong><br \/>\n<div class=\"dwnld-button-shortcode button-download aligncenter\">\n\t\t\t\t\t\t\t<a class=\"dowload type-archive sevenzip\" href=\"https:\/\/crudelis.fr\/div\/fichiers\/programmes_c\/equation.7z\" >\n\t\t\t\t\t\t\t\t<span>\n\t\t\t\t\t\t\t\t\t<span class=\"download-title\">Equation<\/span><br \/>\n\t\t\t\t\t\t\t\t\t<em class=\"download-description\">29,5 ko<\/em>\n\t\t\t\t\t\t\t\t<\/span>\n\t\t\t\t\t\t\t<\/a>\n\t\t\t\t\t\t<\/div><\/p>\n<\/div>\r\n<div class=\"post-comments\"><a href=\"https:\/\/crudelis.fr\/site\/?p=247#respond\" title=\"Respond\" >Leave a response &raquo;<\/a><\/div>\t\r\n<\/div><div class=\"bib_page_nav\"><span class=\"bib_prev_link_inactive\">\u00ab<\/span> Page <a href=\"\/site\/index.php?rest_route=%2Fwp%2Fv2%2Fpages%2F36\" class=\"bib_page_number bib_selected\" style=\"font-weight:bold;\"\" > 1<\/a>, <a href=\"\/site\/index.php?rest_route=%2Fwp%2Fv2%2Fpages%2F36&bib_page_offset=10\" class=\"bib_page_number bib_not_selected\" style=\"color:grey;\"\" >2<\/a> <a class=\"bib_next_link\" href=\"\/site\/index.php?rest_route=%2Fwp%2Fv2%2Fpages%2F36&bib_page_offset=10\">\u00bb<\/a><\/div>\n","protected":false},"excerpt":{"rendered":"<p>Cette section du site propose des programmes cod\u00e9s en langage C. Je cr\u00e9e r\u00e9guli\u00e8rement des programmes, suivant les besoins du moment. Certain d'entre eux ne pr\u00e9sente gu\u00e8re d'int\u00e9r\u00eat pour les initi\u00e9s, mais tous ces programmes sont en open source. Donc chacun peux les adapter \u00e0 ses besoins.<\/p>\n","protected":false},"author":1,"featured_media":0,"parent":0,"menu_order":3,"comment_status":"closed","ping_status":"closed","template":"","meta":{"footnotes":"","_links_to":"","_links_to_target":""},"class_list":["post-36","page","type-page","status-publish","hentry"],"_links":{"self":[{"href":"https:\/\/crudelis.fr\/site\/index.php?rest_route=\/wp\/v2\/pages\/36","targetHints":{"allow":["GET"]}}],"collection":[{"href":"https:\/\/crudelis.fr\/site\/index.php?rest_route=\/wp\/v2\/pages"}],"about":[{"href":"https:\/\/crudelis.fr\/site\/index.php?rest_route=\/wp\/v2\/types\/page"}],"author":[{"embeddable":true,"href":"https:\/\/crudelis.fr\/site\/index.php?rest_route=\/wp\/v2\/users\/1"}],"replies":[{"embeddable":true,"href":"https:\/\/crudelis.fr\/site\/index.php?rest_route=%2Fwp%2Fv2%2Fcomments&post=36"}],"version-history":[{"count":1,"href":"https:\/\/crudelis.fr\/site\/index.php?rest_route=\/wp\/v2\/pages\/36\/revisions"}],"predecessor-version":[{"id":829,"href":"https:\/\/crudelis.fr\/site\/index.php?rest_route=\/wp\/v2\/pages\/36\/revisions\/829"}],"wp:attachment":[{"href":"https:\/\/crudelis.fr\/site\/index.php?rest_route=%2Fwp%2Fv2%2Fmedia&parent=36"}],"curies":[{"name":"wp","href":"https:\/\/api.w.org\/{rel}","templated":true}]}}